{"id":1167,"date":"2022-04-27T16:17:49","date_gmt":"2022-04-27T16:17:49","guid":{"rendered":"https:\/\/www.gardenveggiesnacks.com\/a-propos-de-nous\/"},"modified":"2025-04-22T09:40:58","modified_gmt":"2025-04-22T09:40:58","slug":"a-propos-de-nous","status":"publish","type":"page","link":"https:\/\/www.gardenveggiesnacks.com\/fr\/a-propos-de-nous\/","title":{"rendered":"A propos de nous"},"content":{"rendered":"\n\n    <section class=\"header_banner\" style=\"background: #f16837\">\n                    <div class=\"sur-les-c\u00f4t\u00e9s\">\n                <img src='https:\/\/www.gardenveggiesnacks.com\/wp-content\/uploads\/2022\/04\/Flower_left.png' class='decorative-image' \/>\n                <img src='https:\/\/www.gardenveggiesnacks.com\/wp-content\/uploads\/2022\/04\/Flower_big.png' class='decorative-image' \/>\n            <\/div>\n                <div class=\"container d-flex justify-content-end\">\n            <div class=\"header_banner-wrapper d-flex mx-auto flex-column\">\n                <h1 class=\"text-center text-uppercase title d-flex align-items-center justify-content-center flex-column-reverse flex-lg-row\" style=\"color: #ffffff\">\n                                        Notre histoire sensible                <\/h1>\n                            <\/div>\n        <\/div>\n            <\/section>\n\n\n\n\n    <section class=\"about-us-component wavy-divider-fat\" style=\"background: #109aea\">\n                    <div class=\"wavy-wrapper\">\n                <svg xmlns:inkscape=\"http:\/\/www.inkscape.org\/namespaces\/inkscape\" xmlns:sodipodi=\"http:\/\/sodipodi.sourceforge.net\/DTD\/sodipodi-0.dtd\" xmlns=\"http:\/\/www.w3.org\/2000\/svg\" xmlns:svg=\"http:\/\/www.w3.org\/2000\/svg\" width=\"1440\" height=\"250\" viewBox=\"0 0 1440 250\" fill=\"none\" version=\"1.1\" id=\"svg2115\" sodipodi:docname=\"mask 5.svg\" inkscape:version=\"1.1.2 (b8e25be833, 2022-02-05)\" preserveAspectRatio=\"none\">\n  <defs id=\"defs2119\"><\/defs>\n  <path d=\"M 38.4,150.179 C 23.04,161.622 6.4,163.529 0,163.052 V 250 H 1440 V 234.566 C 1259.52,231.705 1242.24,220.263 992.64,118.713 743.04,17.1633 670.08,0 476.16,0 282.24,0 57.6,135.876 38.4,150.179 Z\" fill=\"#109aea\" id=\"path2113\" sodipodi:nodetypes=\"ccccccsc\"><\/path>\n<\/svg>\n            <\/div>\n                <div class='decorative-image decorative-image-left'><img src='https:\/\/www.gardenveggiesnacks.com\/wp-content\/uploads\/2022\/06\/image-88.png'\/> <\/div>\n        <div class='decorative-image decorative-image-right'><img src='https:\/\/www.gardenveggiesnacks.com\/wp-content\/uploads\/2022\/06\/image-70.png'\/><\/div>\n        <div class=\"container about-us-container d-flex flex-column justify-content-center\">\n            <h1 class=\"title text-center pb-5 text-uppercase\" style=\"color: #ffffff\">\n                A propos de nous            <\/h1>\n                            <div class=\"decoration d-flex justify-content-center\">\n                    <img decoding=\"async\" src=\"https:\/\/www.gardenveggiesnacks.com\/wp-content\/uploads\/2022\/04\/Veggie-green-straw.png\"\/>\n                <\/div>\n                        <p class=\"sub-title text-center pt-5 pb-3\" data-aos=\"fade-up\" data-aos-offset=\"250\" data-aos-duration=\"1000\">Les go\u00fbters aux l\u00e9gumes du jardin de Garden Veggie Snacks ravissent les papilles de tous les \u00e2ges depuis plus de 15 ans.<\/p>\n            <p class=\"au-content text-center pb-3\" data-aos=\"fade-in\" data-aos-offset=\"250\" data-aos-duration=\"1000\">Tout a commenc\u00e9 par l&rsquo;id\u00e9e de pr\u00e9parer un en-cas non seulement d\u00e9licieux mais aussi meilleur pour la sant\u00e9. C&rsquo;est ainsi qu&rsquo;a \u00e9t\u00e9 lanc\u00e9 le programme Garden Veggie Straws et depuis lors, nous apportons du bonheur aux familles gr\u00e2ce \u00e0 notre vari\u00e9t\u00e9 d&rsquo;options de collation. Nos snacks, meilleurs pour la sant\u00e9, ne contiennent ni ar\u00f4mes artificiels ni conservateurs.<\/p>\n        <\/div>\n    <\/section>\n\n\n\n    <section style=\"background-color: #4C8D2B ;\">\n                <div class=\"timeline overflow-hidden\">\n\n            <!-- heading -->\n                        <h2 class=\"py-4 fs-7 text-center text-uppercase\">\n                Une histoire de grignotage raisonnable            <\/h2>\n            \n            <!-- sub heading -->\n                        <h3 class=\"subheading pt-2 pb-4 px-5 fs-5 fw-bold text-center\">\n                Du bon go\u00fbt, du plaisir et du bon pour vous, le tout en un seul en-cas.            <\/h3>\n            \n            <!-- mobile version -->\n            <div class=\"mobile text-center d-lg-none\">\n                <!-- top circle vector -->\n                <img decoding=\"async\" src=\"https:\/\/www.gardenveggiesnacks.com\/wp-content\/uploads\/2022\/05\/time-circle.svg\" style=\" transform: rotate(180deg);\" \/>\n\n                <ul>\n                    \n                    <!-- year -->\n                    <p class=\"year\">2005<\/p>\n\n                    <li class=\"position-relative p-5\">\n                        <!-- top line -->\n                        <img decoding=\"async\" class=\"line position-absolute\" src=\"https:\/\/www.gardenveggiesnacks.com\/wp-content\/uploads\/2022\/05\/Vector-2.svg\" \/>\n\n                        <!-- main image -->\n                        <div class=\"imgtxt position-relative mx-auto\">\n                            <img decoding=\"async\" class=\"tl-img\" src=\"https:\/\/www.gardenveggiesnacks.com\/wp-content\/uploads\/2022\/06\/1-Veggie-straws.png\" \/>\n                            <p class=\"card-des fs-5 fw-bold position-absolute\">Le premier sac de  <br>  Les pailles v\u00e9g\u00e9tariennes arrivent sur les \u00e9tag\u00e8res des magasins !<\/p>\n                        <\/div>\n\n                        <!-- bottom line -->\n                                                <img decoding=\"async\" class=\"line2 position-absolute\" src=\"https:\/\/www.gardenveggiesnacks.com\/wp-content\/uploads\/2022\/05\/Vector-2.svg\" \/>\n                        \n                    <\/li>\n                    \n                    <!-- year -->\n                    <p class=\"year\">2014<\/p>\n\n                    <li class=\"position-relative p-5\">\n                        <!-- top line -->\n                        <img decoding=\"async\" class=\"line position-absolute\" src=\"https:\/\/www.gardenveggiesnacks.com\/wp-content\/uploads\/2022\/05\/Vector-2.svg\" \/>\n\n                        <!-- main image -->\n                        <div class=\"imgtxt position-relative mx-auto\">\n                            <img decoding=\"async\" class=\"tl-img\" src=\"https:\/\/www.gardenveggiesnacks.com\/wp-content\/uploads\/2022\/06\/2-Stacked-chips.png\" \/>\n                            <p class=\"card-des fs-5 fw-bold position-absolute\">Les premi\u00e8res chips empil\u00e9es meilleures pour la sant\u00e9 sont lanc\u00e9es dans les magasins !<\/p>\n                        <\/div>\n\n                        <!-- bottom line -->\n                                                <img decoding=\"async\" class=\"line2 position-absolute\" src=\"https:\/\/www.gardenveggiesnacks.com\/wp-content\/uploads\/2022\/05\/Vector-2.svg\" \/>\n                        \n                    <\/li>\n                    \n                    <!-- year -->\n                    <p class=\"year\">2016<\/p>\n\n                    <li class=\"position-relative p-5\">\n                        <!-- top line -->\n                        <img decoding=\"async\" class=\"line position-absolute\" src=\"https:\/\/www.gardenveggiesnacks.com\/wp-content\/uploads\/2022\/05\/Vector-2.svg\" \/>\n\n                        <!-- main image -->\n                        <div class=\"imgtxt position-relative mx-auto\">\n                            <img decoding=\"async\" class=\"tl-img\" src=\"https:\/\/www.gardenveggiesnacks.com\/wp-content\/uploads\/2022\/06\/3-Veggie-Wavy-Chips-Sea-Salt.png\" \/>\n                            <p class=\"card-des fs-5 fw-bold position-absolute\">Les d\u00e9licieuses chips ondul\u00e9es, meilleures pour la sant\u00e9, font leur apparition dans les magasins.<\/p>\n                        <\/div>\n\n                        <!-- bottom line -->\n                                                <img decoding=\"async\" class=\"line2 position-absolute\" src=\"https:\/\/www.gardenveggiesnacks.com\/wp-content\/uploads\/2022\/05\/Vector-2.svg\" \/>\n                        \n                    <\/li>\n                    \n                    <!-- year -->\n                    <p class=\"year\">2020<\/p>\n\n                    <li class=\"position-relative p-5\">\n                        <!-- top line -->\n                        <img decoding=\"async\" class=\"line position-absolute\" src=\"https:\/\/www.gardenveggiesnacks.com\/wp-content\/uploads\/2022\/05\/Vector-2.svg\" \/>\n\n                        <!-- main image -->\n                        <div class=\"imgtxt position-relative mx-auto\">\n                            <img decoding=\"async\" class=\"tl-img\" src=\"https:\/\/www.gardenveggiesnacks.com\/wp-content\/uploads\/2022\/06\/4-Screamin-hot.png\" \/>\n                            <p class=\"card-des fs-5 fw-bold position-absolute\">Le premier d\u00e9licieux encas \u00e9pic\u00e9, meilleur pour la sant\u00e9, r\u00e9chauffe le rayon des encas.<\/p>\n                        <\/div>\n\n                        <!-- bottom line -->\n                                                <img decoding=\"async\" class=\"line2 position-absolute\" src=\"https:\/\/www.gardenveggiesnacks.com\/wp-content\/uploads\/2022\/05\/Vector-2.svg\" \/>\n                        \n                    <\/li>\n                    \n                    <!-- year -->\n                    <p class=\"year\">2021<\/p>\n\n                    <li class=\"position-relative p-5\">\n                        <!-- top line -->\n                        <img decoding=\"async\" class=\"line position-absolute\" src=\"https:\/\/www.gardenveggiesnacks.com\/wp-content\/uploads\/2022\/05\/Vector-2.svg\" \/>\n\n                        <!-- main image -->\n                        <div class=\"imgtxt position-relative mx-auto\">\n                            <img decoding=\"async\" class=\"tl-img\" src=\"https:\/\/www.gardenveggiesnacks.com\/wp-content\/uploads\/2022\/06\/5-puffs.png\" \/>\n                            <p class=\"card-des fs-5 fw-bold position-absolute\">Les Veggie Puffs, d\u00e9licieux, savoureux et poppables, commencent \u00e0 ravir les papilles gustatives.<\/p>\n                        <\/div>\n\n                        <!-- bottom line -->\n                                                <img decoding=\"async\" class=\"line2 position-absolute\" src=\"https:\/\/www.gardenveggiesnacks.com\/wp-content\/uploads\/2022\/05\/Vector-2.svg\" \/>\n                        \n                    <\/li>\n                    \n                    <!-- year -->\n                    <p class=\"year\">2022<\/p>\n\n                    <li class=\"position-relative p-5\">\n                        <!-- top line -->\n                        <img decoding=\"async\" class=\"line position-absolute\" src=\"https:\/\/www.gardenveggiesnacks.com\/wp-content\/uploads\/2022\/05\/Vector-2.svg\" \/>\n\n                        <!-- main image -->\n                        <div class=\"imgtxt position-relative mx-auto\">\n                            <img decoding=\"async\" class=\"tl-img\" src=\"https:\/\/www.gardenveggiesnacks.com\/wp-content\/uploads\/2022\/06\/6-Wavy-Chips-Cheddar-Sour-Cream.png\" \/>\n                            <p class=\"card-des fs-5 fw-bold position-absolute\">Les amateurs de snacks au cheddar et \u00e0 la cr\u00e8me aigre se r\u00e9jouissent de notre toute nouvelle saveur de chips ondul\u00e9es !<\/p>\n                        <\/div>\n\n                        <!-- bottom line -->\n                        \n                        \n                    <\/li>\n                                    <\/ul>\n\n                <!-- bottom circle vector -->\n                <img decoding=\"async\" src=\"https:\/\/www.gardenveggiesnacks.com\/wp-content\/uploads\/2022\/05\/time-circle.svg\" \/>\n            <\/div>\n\n            <!-- desktop version  -->\n            <div class=\"desktop d-none d-lg-block position-relative\">\n\n                <ul class=\"list-wrapper position-relative mx-auto\">\n                    <!-- long vertical vector-->\n                    <img decoding=\"async\" src=\"https:\/\/www.gardenveggiesnacks.com\/wp-content\/uploads\/2022\/05\/Vector-3.svg\" class=\"position-absolute top-0 start-50\"\n                        width=\"19\" \/>\n\n                    \n                    <li class=\"position-relative\">\n                        <!-- year & short vector-->\n                        <div class=\"year-line d-flex position-relative\">\n                            <p data-aos=\"fade-in\" data-aos-offset=\"350\" data-aos-duration=\"400\" data-aos-delay=\"400\" class=\"year\">2005<\/p>\n                            <img decoding=\"async\" data-aos=\"fade-right\" data-aos-offset=\"350\" data-aos-duration=\"800\" src=\"https:\/\/www.gardenveggiesnacks.com\/wp-content\/uploads\/2022\/05\/Component-20.svg\" class=\"short-line\" \/>\n                        <\/div>\n\n                        <!-- main image -->\n                        <div class=\"imgtxt position-relative\" data-aos=\"zoom-in-left\" data-aos-offset=\"250\" data-aos-duration=\"1000\">\n                            <img loading=\"lazy\" decoding=\"async\" class=\"tl-img\" src=\"https:\/\/www.gardenveggiesnacks.com\/wp-content\/uploads\/2022\/06\/1-Veggie-straws.png\" height=\"217\" width=\"132\" \/>\n                            <p class=\"card-des fs-5 fw-bold position-absolute\">Le premier sac de  <br>  Les pailles v\u00e9g\u00e9tariennes arrivent sur les \u00e9tag\u00e8res des magasins !<\/p>\n                        <\/div>\n                    <\/li>\n                    \n                    <li class=\"position-relative\">\n                        <!-- year & short vector-->\n                        <div class=\"year-line d-flex position-relative\">\n                            <p data-aos=\"fade-in\" data-aos-offset=\"350\" data-aos-duration=\"400\" data-aos-delay=\"400\" class=\"year\">2014<\/p>\n                            <img decoding=\"async\" data-aos=\"fade-left\" data-aos-offset=\"350\" data-aos-duration=\"800\" src=\"https:\/\/www.gardenveggiesnacks.com\/wp-content\/uploads\/2022\/05\/Component-20.svg\" class=\"short-line\" \/>\n                        <\/div>\n\n                        <!-- main image -->\n                        <div class=\"imgtxt position-relative\" data-aos=\"zoom-in-right\" data-aos-offset=\"250\" data-aos-duration=\"1000\">\n                            <img loading=\"lazy\" decoding=\"async\" class=\"tl-img\" src=\"https:\/\/www.gardenveggiesnacks.com\/wp-content\/uploads\/2022\/06\/2-Stacked-chips.png\" height=\"217\" width=\"132\" \/>\n                            <p class=\"card-des fs-5 fw-bold position-absolute\">Les premi\u00e8res chips empil\u00e9es meilleures pour la sant\u00e9 sont lanc\u00e9es dans les magasins !<\/p>\n                        <\/div>\n                    <\/li>\n                    \n                    <li class=\"position-relative\">\n                        <!-- year & short vector-->\n                        <div class=\"year-line d-flex position-relative\">\n                            <p data-aos=\"fade-in\" data-aos-offset=\"350\" data-aos-duration=\"400\" data-aos-delay=\"400\" class=\"year\">2016<\/p>\n                            <img decoding=\"async\" data-aos=\"fade-right\" data-aos-offset=\"350\" data-aos-duration=\"800\" src=\"https:\/\/www.gardenveggiesnacks.com\/wp-content\/uploads\/2022\/05\/Component-20.svg\" class=\"short-line\" \/>\n                        <\/div>\n\n                        <!-- main image -->\n                        <div class=\"imgtxt position-relative\" data-aos=\"zoom-in-left\" data-aos-offset=\"250\" data-aos-duration=\"1000\">\n                            <img loading=\"lazy\" decoding=\"async\" class=\"tl-img\" src=\"https:\/\/www.gardenveggiesnacks.com\/wp-content\/uploads\/2022\/06\/3-Veggie-Wavy-Chips-Sea-Salt.png\" height=\"217\" width=\"132\" \/>\n                            <p class=\"card-des fs-5 fw-bold position-absolute\">Les d\u00e9licieuses chips ondul\u00e9es, meilleures pour la sant\u00e9, font leur apparition dans les magasins.<\/p>\n                        <\/div>\n                    <\/li>\n                    \n                    <li class=\"position-relative\">\n                        <!-- year & short vector-->\n                        <div class=\"year-line d-flex position-relative\">\n                            <p data-aos=\"fade-in\" data-aos-offset=\"350\" data-aos-duration=\"400\" data-aos-delay=\"400\" class=\"year\">2020<\/p>\n                            <img decoding=\"async\" data-aos=\"fade-left\" data-aos-offset=\"350\" data-aos-duration=\"800\" src=\"https:\/\/www.gardenveggiesnacks.com\/wp-content\/uploads\/2022\/05\/Component-20.svg\" class=\"short-line\" \/>\n                        <\/div>\n\n                        <!-- main image -->\n                        <div class=\"imgtxt position-relative\" data-aos=\"zoom-in-right\" data-aos-offset=\"250\" data-aos-duration=\"1000\">\n                            <img loading=\"lazy\" decoding=\"async\" class=\"tl-img\" src=\"https:\/\/www.gardenveggiesnacks.com\/wp-content\/uploads\/2022\/06\/4-Screamin-hot.png\" height=\"217\" width=\"132\" \/>\n                            <p class=\"card-des fs-5 fw-bold position-absolute\">Le premier d\u00e9licieux encas \u00e9pic\u00e9, meilleur pour la sant\u00e9, r\u00e9chauffe le rayon des encas.<\/p>\n                        <\/div>\n                    <\/li>\n                    \n                    <li class=\"position-relative\">\n                        <!-- year & short vector-->\n                        <div class=\"year-line d-flex position-relative\">\n                            <p data-aos=\"fade-in\" data-aos-offset=\"350\" data-aos-duration=\"400\" data-aos-delay=\"400\" class=\"year\">2021<\/p>\n                            <img decoding=\"async\" data-aos=\"fade-right\" data-aos-offset=\"350\" data-aos-duration=\"800\" src=\"https:\/\/www.gardenveggiesnacks.com\/wp-content\/uploads\/2022\/05\/Component-20.svg\" class=\"short-line\" \/>\n                        <\/div>\n\n                        <!-- main image -->\n                        <div class=\"imgtxt position-relative\" data-aos=\"zoom-in-left\" data-aos-offset=\"250\" data-aos-duration=\"1000\">\n                            <img loading=\"lazy\" decoding=\"async\" class=\"tl-img\" src=\"https:\/\/www.gardenveggiesnacks.com\/wp-content\/uploads\/2022\/06\/5-puffs.png\" height=\"217\" width=\"132\" \/>\n                            <p class=\"card-des fs-5 fw-bold position-absolute\">Les Veggie Puffs, d\u00e9licieux, savoureux et poppables, commencent \u00e0 ravir les papilles gustatives.<\/p>\n                        <\/div>\n                    <\/li>\n                    \n                    <li class=\"position-relative\">\n                        <!-- year & short vector-->\n                        <div class=\"year-line d-flex position-relative\">\n                            <p data-aos=\"fade-in\" data-aos-offset=\"350\" data-aos-duration=\"400\" data-aos-delay=\"400\" class=\"year\">2022<\/p>\n                            <img decoding=\"async\" data-aos=\"fade-left\" data-aos-offset=\"350\" data-aos-duration=\"800\" src=\"https:\/\/www.gardenveggiesnacks.com\/wp-content\/uploads\/2022\/05\/Component-20.svg\" class=\"short-line\" \/>\n                        <\/div>\n\n                        <!-- main image -->\n                        <div class=\"imgtxt position-relative\" data-aos=\"zoom-in-right\" data-aos-offset=\"250\" data-aos-duration=\"1000\">\n                            <img loading=\"lazy\" decoding=\"async\" class=\"tl-img\" src=\"https:\/\/www.gardenveggiesnacks.com\/wp-content\/uploads\/2022\/06\/6-Wavy-Chips-Cheddar-Sour-Cream.png\" height=\"217\" width=\"132\" \/>\n                            <p class=\"card-des fs-5 fw-bold position-absolute\">Les amateurs de snacks au cheddar et \u00e0 la cr\u00e8me aigre se r\u00e9jouissent de notre toute nouvelle saveur de chips ondul\u00e9es !<\/p>\n                        <\/div>\n                    <\/li>\n                                    <\/ul>\n            <\/div>\n        <\/div>\n    <\/section>\n\n\n    <section id=\"get-social\">\n        <div class=\"gs_top_wave\">\n            <svg xmlns=\"http:\/\/www.w3.org\/2000\/svg\" width=\"1439\" height=\"122\" viewBox=\"0 0 1439 122\" fill=\"none\" preserveAspectRatio=\"none\">\n<path d=\"M141.08 31.8941C62.744 31.8941 13.72 48.9041 -0.99999 57.4091L-1 0.000488281L1439 0.000236504L1439 17.0102C1375.64 42.5251 1223.96 116.944 1055 116.944C886.04 116.944 864.92 68.0401 791.96 68.0402C719 68.0402 636.44 95.6814 578.84 108.439C521.24 121.196 465.56 125.449 409.88 119.07C354.2 112.691 239 31.8941 141.08 31.8941Z\" fill=\"#4C8D2B\"><\/path>\n<\/svg>\n        <\/div>\n        <div class=\"ts-container pt-6 mt-6 d-md-flex flex-column mx-auto\">\n            <div class=\"gs_header\">\n                <div class=\"title\">\n                    <h2 class=\"text-uppercase text-center\">\n                        Devenez Social                    <\/h2>\n                    <p class=\"csl-text py-2 fs-5 text-center\">\n                        Partagez avec nous vos moments de grignotage responsable !                    <\/p>\n                <\/div>\n                                <div class=\"bottom-cta mt-4 mb-5 text-center\">\n                    <a class=\"ts-cta py-3 px-4 fs-3 text-decoration-none text-uppercase\" href=\"https:\/\/www.instagram.com\/sensibleportions.us\/\" target=\"_blank\">\n                        Suivez-nous                    <\/a>\n                <\/div>\n                            <\/div>\n            <div class=\"instagram_feed_container\">\n                \t\t<div id=\"sbi_mod_error\" >\n\t\t\t<span>This error message is only visible to WordPress admins<\/span><br\/>\n\t\t\t<p><strong>Error: No feed with the ID 1 found.<\/strong>\n\t\t\t<p>Please go to the Instagram Feed settings page to create a feed.<\/p>\n\t\t<\/div>\n\t\t            <\/div>\n        <\/div>\n    <\/section>","protected":false},"excerpt":{"rendered":"","protected":false},"author":1,"featured_media":0,"parent":0,"menu_order":0,"comment_status":"closed","ping_status":"closed","template":"","meta":{"_acf_changed":true,"footnotes":""},"class_list":["post-1167","page","type-page","status-publish","hentry"],"acf":[],"_links":{"self":[{"href":"https:\/\/www.gardenveggiesnacks.com\/fr\/wp-json\/wp\/v2\/pages\/1167","targetHints":{"allow":["GET"]}}],"collection":[{"href":"https:\/\/www.gardenveggiesnacks.com\/fr\/wp-json\/wp\/v2\/pages"}],"about":[{"href":"https:\/\/www.gardenveggiesnacks.com\/fr\/wp-json\/wp\/v2\/types\/page"}],"author":[{"embeddable":true,"href":"https:\/\/www.gardenveggiesnacks.com\/fr\/wp-json\/wp\/v2\/users\/1"}],"replies":[{"embeddable":true,"href":"https:\/\/www.gardenveggiesnacks.com\/fr\/wp-json\/wp\/v2\/comments?post=1167"}],"version-history":[{"count":0,"href":"https:\/\/www.gardenveggiesnacks.com\/fr\/wp-json\/wp\/v2\/pages\/1167\/revisions"}],"wp:attachment":[{"href":"https:\/\/www.gardenveggiesnacks.com\/fr\/wp-json\/wp\/v2\/media?parent=1167"}],"curies":[{"name":"wp","href":"https:\/\/api.w.org\/{rel}","templated":true}]}}