{"id":1166,"date":"2022-04-20T20:49:10","date_gmt":"2022-04-20T20:49:10","guid":{"rendered":"https:\/\/www.gardenveggiesnacks.com\/produits\/"},"modified":"2023-04-13T14:20:07","modified_gmt":"2023-04-13T14:20:07","slug":"produits","status":"publish","type":"page","link":"https:\/\/www.gardenveggiesnacks.com\/fr\/produits\/","title":{"rendered":"Produits"},"content":{"rendered":"\n    <section id=\"\" class=\"product-cards  add-padding-top\" style='background: #4c8d2b;'>\n                <div class=\"container\">   \n                                <img src='https:\/\/www.gardenveggiesnacks.com\/wp-content\/uploads\/2022\/04\/Flower_left.png' class='decorative-image top left mobile-top mobile-left ' \/>\n                                    <img src='https:\/\/www.gardenveggiesnacks.com\/wp-content\/uploads\/2022\/04\/Flower_right.png' class='decorative-image top left mobile-top mobile-left ' \/>\n                             \n            <div>\n                <h2 class=\"header text-uppercase text-center px-4 pt-4\">Choisissez votre collation                                    <\/h2>\n                <p class=\"text-center subtitle\"><\/p>\n                <ul class=\"cards-wrapper cards-wrapper-3-columns row\">\n                                                                        <a class=\"wrapper mx-auto col-6 col-lg-4 d-flex justify-content-center\" \n                                href=\"#pailles\"\n                                data-aos=\"fade-up\" data-aos-offset=\"250\" data-aos-duration=\"1000\" data-aos-delay=\"0\"\n                            >\n                                <div class=\"content d-flex align-items-center card-with-background\" \n                                style=\"background-color: #126000;\">\n                                    <li class=\"w-100 h-100 d-flex flex-column\">\n                                                                                    <img decoding=\"async\" class=\"image my-auto d-flex align-self-center\" src=\"https:\/\/www.gardenveggiesnacks.com\/wp-content\/uploads\/2022\/04\/Garden-Veggie-Straws.png\" alt=\"\"\/>\n                                                                                <p class=\"title text-uppercase text-center\">\n                                            Pailles v\u00e9g\u00e9tariennes                                        <\/p>\n                                    <\/li>\n                                <\/div>\n                            <\/a>\n                                                    <a class=\"wrapper mx-auto col-6 col-lg-4 d-flex justify-content-center\" \n                                href=\"#chips\"\n                                data-aos=\"fade-up\" data-aos-offset=\"250\" data-aos-duration=\"1000\" data-aos-delay=\"200\"\n                            >\n                                <div class=\"content d-flex align-items-center card-with-background\" \n                                style=\"background-color: #126000;\">\n                                    <li class=\"w-100 h-100 d-flex flex-column\">\n                                                                                    <img decoding=\"async\" class=\"image my-auto d-flex align-self-center\" src=\"https:\/\/www.gardenveggiesnacks.com\/wp-content\/uploads\/2022\/04\/Veggi-chips-general.png\" alt=\"\"\/>\n                                                                                <p class=\"title text-uppercase text-center\">\n                                            Chips v\u00e9g\u00e9tariennes                                        <\/p>\n                                    <\/li>\n                                <\/div>\n                            <\/a>\n                                                            <\/ul>\n            <\/div>\n                    <\/div>\n\n            <\/section>\n\n\n\n    <section id=\"pailles\" class=\"product-cards wavy-divider-fat add-padding-top\" style='background: #109aea;'>\n                    <div class=\"wavy-wrapper\">\n                <svg xmlns:inkscape=\"http:\/\/www.inkscape.org\/namespaces\/inkscape\" xmlns:sodipodi=\"http:\/\/sodipodi.sourceforge.net\/DTD\/sodipodi-0.dtd\" xmlns=\"http:\/\/www.w3.org\/2000\/svg\" xmlns:svg=\"http:\/\/www.w3.org\/2000\/svg\" width=\"1440\" height=\"250\" viewBox=\"0 0 1440 250\" fill=\"none\" version=\"1.1\" id=\"svg835\" sodipodi:docname=\"mask 6.svg\" inkscape:version=\"1.1.2 (b8e25be833, 2022-02-05)\" preserveAspectRatio=\"none\">\n  <defs id=\"defs839\"><\/defs>\n  <path d=\"m 1401.6,149.761 c 15.36,11.41 32,13.312 38.4,12.837 V 250 H 0 V 233.912 C 180.48,231.06 197.76,219.649 447.36,118.382 696.96,17.1155 769.92,0 963.84,0 1157.76,0 1382.4,135.498 1401.6,149.761 Z\" fill=\"#109aea\" id=\"path833\" sodipodi:nodetypes=\"ccccccsc\"><\/path>\n<\/svg>\n            <\/div>\n                <div class=\"container\">   \n                                <img src='https:\/\/www.gardenveggiesnacks.com\/wp-content\/uploads\/2022\/04\/Star.png' class='decorative-image top left mobile-top mobile-left ' \/>\n                                    <img src='https:\/\/www.gardenveggiesnacks.com\/wp-content\/uploads\/2022\/04\/Star.png' class='decorative-image top left mobile-top mobile-left ' \/>\n                             \n            <div>\n                <h2 class=\"header text-uppercase text-center px-4 pt-4\">pailles \u00e0 l\u00e9gumes                                            <div class=\"decoration\">\n                            <img decoding=\"async\" src=\"https:\/\/www.gardenveggiesnacks.com\/wp-content\/uploads\/2022\/04\/decoration-element.png\"\/>\n                        <\/div>\n                                    <\/h2>\n                <p class=\"text-center subtitle\"><\/p>\n                <ul class=\"cards-wrapper cards-wrapper-3-columns row\">\n                                                                     \n                            <a class=\"wrapper mx-auto col-6 col-lg-4 d-flex justify-content-center\" href=\"https:\/\/www.gardenveggiesnacks.com\/fr\/product\/pailles-vegetariennes\/?productVariation=1\" data-aos=\"fade-up\" data-aos-offset=\"250\" data-aos-duration=\"1000\" data-aos-delay=\"0\">\n  \n                                <div class=\"content d-flex align-items-center \" \n                                style=\"background-color: ;\">\n                                    <li class=\"w-100 h-100 d-flex flex-column\">\n                                        <img decoding=\"async\" class=\"image my-auto d-flex align-self-center\" src=\"https:\/\/www.gardenveggiesnacks.com\/wp-content\/uploads\/2022\/04\/sp_original-veggie-straws-142g-1-197x300.png\" alt=\"\"\/>\n                                        <p class=\"title text-uppercase text-center \">\n                                            Originale                                        <\/p>\n                                    <\/li>\n                                <\/div>\n                            <\/a>\n                                                            <\/ul>\n            <\/div>\n                    <\/div>\n\n            <\/section>\n\n\n\n    <section id=\"chips\" class=\"product-cards wavy-divider-slim add-padding-top\" style='background: #f06837;'>\n                    <div class=\"wavy-wrapper\">\n                <svg xmlns:inkscape=\"http:\/\/www.inkscape.org\/namespaces\/inkscape\" xmlns:sodipodi=\"http:\/\/sodipodi.sourceforge.net\/DTD\/sodipodi-0.dtd\" xmlns=\"http:\/\/www.w3.org\/2000\/svg\" xmlns:svg=\"http:\/\/www.w3.org\/2000\/svg\" width=\"1440\" height=\"81\" viewBox=\"0 0 1440 81\" fill=\"none\" version=\"1.1\" id=\"svg4\" sodipodi:docname=\"mask 1.svg\" inkscape:version=\"1.1.2 (b8e25be833, 2022-02-05)\" preserveAspectRatio=\"none\">\n  <sodipodi:namedview id=\"namedview5\" pagecolor=\"#ffffff\" bordercolor=\"#666666\" borderopacity=\"1.0\" inkscape:pageshadow=\"2\" inkscape:pageopacity=\"0.0\" inkscape:pagecheckerboard=\"0\" showgrid=\"false\" inkscape:zoom=\"0.73472222\" inkscape:cx=\"719.31947\" inkscape:cy=\"39.470699\" inkscape:window-width=\"1920\" inkscape:window-height=\"1017\" inkscape:window-x=\"-8\" inkscape:window-y=\"-8\" inkscape:window-maximized=\"1\" inkscape:current-layer=\"svg4\"><\/sodipodi:namedview>\n  <defs id=\"defs8\"><\/defs>\n  <path d=\"m 933.69,43.810529 c 154.01,54.1728 506.31,0 506.31,0 V 81 H 0 L 1.6e-5,43.810429 c 0,0 217.539984,62.506501 381.175984,0 163.637,-62.5067 398.503,-54.1727 552.514,1e-4 z\" fill=\"#f06837\" id=\"path2\" sodipodi:nodetypes=\"ccccccc\"><\/path>\n<\/svg>\n            <\/div>\n                <div class=\"container\">   \n                                <img src='https:\/\/www.gardenveggiesnacks.com\/wp-content\/uploads\/2022\/06\/image-70.png' class='decorative-image top left mobile-top mobile-left ' \/>\n                                    <img src='https:\/\/www.gardenveggiesnacks.com\/wp-content\/uploads\/2022\/04\/image-70.png' class='decorative-image top left mobile-top mobile-left ' \/>\n                             \n            <div>\n                <h2 class=\"header text-uppercase text-center px-4 pt-4\">Chips v\u00e9g\u00e9tariennes                                    <\/h2>\n                <p class=\"text-center subtitle\"><\/p>\n                <ul class=\"cards-wrapper  row\">\n                                                                     \n                            <a class=\"wrapper mx-auto col-6 col-lg-3 d-flex justify-content-center\" href=\"https:\/\/www.gardenveggiesnacks.com\/fr\/product\/chips-vegetariennes\/?productVariation=1\" data-aos=\"fade-up\" data-aos-offset=\"250\" data-aos-duration=\"1000\" data-aos-delay=\"0\">\n  \n                                <div class=\"content d-flex align-items-center \" \n                                style=\"background-color: ;\">\n                                    <li class=\"w-100 h-100 d-flex flex-column\">\n                                        <img decoding=\"async\" class=\"image my-auto d-flex align-self-center\" src=\"https:\/\/www.gardenveggiesnacks.com\/wp-content\/uploads\/2022\/04\/sp-3d-2013-chips_original_142g-209x300.png\" alt=\"\"\/>\n                                        <p class=\"title text-uppercase text-center \">\n                                            Croustilles Ondul\u00e9es Aux L\u00e9gumes <br \/> Du Jardin Originale                                        <\/p>\n                                    <\/li>\n                                <\/div>\n                            <\/a>\n                                                 \n                            <a class=\"wrapper mx-auto col-6 col-lg-3 d-flex justify-content-center\" href=\"https:\/\/www.gardenveggiesnacks.com\/fr\/product\/chips-vegetariennes\/?productVariation=2\" data-aos=\"fade-up\" data-aos-offset=\"250\" data-aos-duration=\"1000\" data-aos-delay=\"200\">\n  \n                                <div class=\"content d-flex align-items-center \" \n                                style=\"background-color: ;\">\n                                    <li class=\"w-100 h-100 d-flex flex-column\">\n                                        <img decoding=\"async\" class=\"image my-auto d-flex align-self-center\" src=\"https:\/\/www.gardenveggiesnacks.com\/wp-content\/uploads\/2022\/04\/sp_stackables_veggie-chips-sea-salt-fr-300x300.png\" alt=\"\"\/>\n                                        <p class=\"title text-uppercase text-center \">\n                                            Croustilles Aux L\u00e9gumes Du Jardin \u00c0 Sel De Mer Et Sans Gluten                                        <\/p>\n                                    <\/li>\n                                <\/div>\n                            <\/a>\n                                                 \n                            <a class=\"wrapper mx-auto col-6 col-lg-3 d-flex justify-content-center\" href=\"https:\/\/www.gardenveggiesnacks.com\/fr\/product\/chips-vegetariennes\/?productVariation=3\" data-aos=\"fade-up\" data-aos-offset=\"250\" data-aos-duration=\"1000\" data-aos-delay=\"400\">\n  \n                                <div class=\"content d-flex align-items-center \" \n                                style=\"background-color: ;\">\n                                    <li class=\"w-100 h-100 d-flex flex-column\">\n                                        <img decoding=\"async\" class=\"image my-auto d-flex align-self-center\" src=\"https:\/\/www.gardenveggiesnacks.com\/wp-content\/uploads\/2022\/04\/sp_stackables_sour-cream-fr-300x300.png\" alt=\"\"\/>\n                                        <p class=\"title text-uppercase text-center \">\n                                            Croustilles Aux L\u00e9gumes Du Jardin \u00c0 La Cr\u00e8me Sure Et Oignons                                        <\/p>\n                                    <\/li>\n                                <\/div>\n                            <\/a>\n                                                 \n                            <a class=\"wrapper mx-auto col-6 col-lg-3 d-flex justify-content-center\" href=\"https:\/\/www.gardenveggiesnacks.com\/fr\/product\/chips-vegetariennes\/?productVariation=4\" data-aos=\"fade-up\" data-aos-offset=\"250\" data-aos-duration=\"1000\" data-aos-delay=\"600\">\n  \n                                <div class=\"content d-flex align-items-center \" \n                                style=\"background-color: ;\">\n                                    <li class=\"w-100 h-100 d-flex flex-column\">\n                                        <img decoding=\"async\" class=\"image my-auto d-flex align-self-center\" src=\"https:\/\/www.gardenveggiesnacks.com\/wp-content\/uploads\/2022\/04\/sp_stackables_veggie-chips-smallt-300x300.png\" alt=\"\"\/>\n                                        <p class=\"title text-uppercase text-center \">\n                                            Croustilles Aux L\u00e9gumes Du Jardin BBQ                                        <\/p>\n                                    <\/li>\n                                <\/div>\n                            <\/a>\n                                                            <\/ul>\n            <\/div>\n                    <\/div>\n\n            <\/section>\n","protected":false},"excerpt":{"rendered":"","protected":false},"author":1,"featured_media":974,"parent":0,"menu_order":0,"comment_status":"closed","ping_status":"closed","template":"","meta":{"_acf_changed":false,"footnotes":""},"class_list":["post-1166","page","type-page","status-publish","has-post-thumbnail","hentry"],"acf":[],"_links":{"self":[{"href":"https:\/\/www.gardenveggiesnacks.com\/fr\/wp-json\/wp\/v2\/pages\/1166","targetHints":{"allow":["GET"]}}],"collection":[{"href":"https:\/\/www.gardenveggiesnacks.com\/fr\/wp-json\/wp\/v2\/pages"}],"about":[{"href":"https:\/\/www.gardenveggiesnacks.com\/fr\/wp-json\/wp\/v2\/types\/page"}],"author":[{"embeddable":true,"href":"https:\/\/www.gardenveggiesnacks.com\/fr\/wp-json\/wp\/v2\/users\/1"}],"replies":[{"embeddable":true,"href":"https:\/\/www.gardenveggiesnacks.com\/fr\/wp-json\/wp\/v2\/comments?post=1166"}],"version-history":[{"count":0,"href":"https:\/\/www.gardenveggiesnacks.com\/fr\/wp-json\/wp\/v2\/pages\/1166\/revisions"}],"wp:featuredmedia":[{"embeddable":true,"href":"https:\/\/www.gardenveggiesnacks.com\/fr\/wp-json\/wp\/v2\/media\/974"}],"wp:attachment":[{"href":"https:\/\/www.gardenveggiesnacks.com\/fr\/wp-json\/wp\/v2\/media?parent=1166"}],"curies":[{"name":"wp","href":"https:\/\/api.w.org\/{rel}","templated":true}]}}