{"id":1156,"date":"2022-04-04T23:37:09","date_gmt":"2022-04-04T23:37:09","guid":{"rendered":"https:\/\/www.gardenveggiesnacks.com\/page-dexemple\/"},"modified":"2023-02-16T11:45:16","modified_gmt":"2023-02-16T11:45:16","slug":"page-dexemple","status":"publish","type":"page","link":"https:\/\/www.gardenveggiesnacks.com\/fr\/page-dexemple\/","title":{"rendered":"Page d&rsquo;exemple"},"content":{"rendered":"\n<p>Il s&rsquo;agit d&rsquo;une page d&rsquo;exemple. C&rsquo;est diff\u00e9rent d&rsquo;un article de blog, car il reste au m\u00eame endroit et appara\u00eet dans la navigation de votre site (dans la plupart des th\u00e8mes). La plupart des gens commencent par une page \u00c0 propos qui les pr\u00e9sente aux visiteurs potentiels du site. Cela pourrait dire quelque chose comme \u00e7a :<\/p>\n\n<blockquote class=\"wp-block-quote is-layout-flow wp-block-quote-is-layout-flow\"><p>Salut ! Je suis coursier \u00e0 v\u00e9lo le jour, acteur en herbe la nuit, et ceci est mon site web. Je vis \u00e0 Los Angeles, j&rsquo;ai un chien g\u00e9nial qui s&rsquo;appelle Jack, et j&rsquo;aime les pi\u00f1a coladas. (Et se faire prendre par la pluie.)<\/p><\/blockquote>\n\n<p>&#8230;ou quelque chose comme \u00e7a :<\/p>\n\n<blockquote class=\"wp-block-quote is-layout-flow wp-block-quote-is-layout-flow\"><p>La XYZ Doohickey Company a \u00e9t\u00e9 fond\u00e9e en 1971 et fournit depuis lors des doohickeys de qualit\u00e9 au public. Situ\u00e9e \u00e0 Gotham City, XYZ emploie plus de 2 000 personnes et fait toutes sortes de choses g\u00e9niales pour la communaut\u00e9 de Gotham.<\/p><\/blockquote>\n\n<p>En tant que nouvel utilisateur de WordPress, vous devez vous rendre dans <a href=\"http:\/\/sensibleportionswp.local\/wp-admin\/\">votre tableau de bord<\/a> pour supprimer cette page et cr\u00e9er de nouvelles pages pour votre contenu. Amusez-vous bien !<\/p>\n\r\n        <section class=\"card-slides\" data-component=\"card-slides\" style=\"background-color: #109aea ;\">\r\n                    <img decoding=\"async\" class=\"wave top\" src=\"https:\/\/www.gardenveggiesnacks.com\/wp-content\/uploads\/2022\/05\/Vector-15.svg\" \/>\r\n                \r\n        <div>\r\n            <h2 class=\"text-white text-uppercase text-center\">Ce que disent les grignoteurs raisonnables<\/h2>\r\n            <img loading=\"lazy\" decoding=\"async\" src=\"https:\/\/www.gardenveggiesnacks.com\/wp-content\/uploads\/2022\/04\/image-87.png\" alt=\"decorative image\" width=\"150\" height=\"150\" class=\"d-block mx-auto\">\r\n        <\/div>\r\n\r\n        <div class=\"glide glide_slider_peek\" id=\"h_glide_slider_peek\">\r\n            <div class=\"glide__track\" data-glide-el=\"track\">\r\n                <ul class=\"glide__slides\">\r\n\r\n                    \r\n                    <li class=\"glide__slide text-white\" style=\"background-color: #0076e0 ;\" >\r\n                        <div class=\"glide__wrapper\">\r\n                            <img loading=\"lazy\" decoding=\"async\" src=\"https:\/\/www.gardenveggiesnacks.com\/wp-content\/uploads\/2022\/05\/3-1.png\" alt=\"\" class=\"d-block mx-auto mb-4\" width=\"93\"\r\n                                height=\"160\">\r\n\r\n                            <strong class=\"cs-body\">\r\n                                Ma famille adore ces pailles &laquo; Garden Veggie &raquo;, alors j&rsquo;en ai ajout\u00e9 un sac lors d&rsquo;une commande impulsive. Je n&rsquo;avais pas remarqu\u00e9 que le sac \u00e9tait si grand ! Nous aimons tous encore ces collations ! &raquo;                            <\/strong>\r\n\r\n                            <p class=\"cs-p text-uppercase text-center mt-3\">\r\n                                Alfred Wilson                            <\/p>\r\n                        <\/div>\r\n                    <\/li>\r\n\r\n                    \r\n                    <li class=\"glide__slide text-white\" style=\"background-color: #0076e0 ;\" >\r\n                        <div class=\"glide__wrapper\">\r\n                            <img loading=\"lazy\" decoding=\"async\" src=\"https:\/\/www.gardenveggiesnacks.com\/wp-content\/uploads\/2022\/05\/3-190x300-1.png\" alt=\"\" class=\"d-block mx-auto mb-4\" width=\"93\"\r\n                                height=\"160\">\r\n\r\n                            <strong class=\"cs-body\">\r\n                                Ma famille adore ces pailles &laquo; Garden Veggie &raquo;, alors j&rsquo;en ai ajout\u00e9 un sac lors d&rsquo;une commande impulsive. Je n&rsquo;avais pas remarqu\u00e9 que le sac \u00e9tait si grand ! Nous aimons tous encore ces collations ! &raquo;                            <\/strong>\r\n\r\n                            <p class=\"cs-p text-uppercase text-center mt-3\">\r\n                                Alfred Eddy                            <\/p>\r\n                        <\/div>\r\n                    <\/li>\r\n\r\n                    \r\n                    <li class=\"glide__slide text-white\" style=\"background-color: #0076e0 ;\" >\r\n                        <div class=\"glide__wrapper\">\r\n                            <img loading=\"lazy\" decoding=\"async\" src=\"https:\/\/www.gardenveggiesnacks.com\/wp-content\/uploads\/2022\/04\/Sensible-Portions-Garden-Veggie-Wavy-Chips-Cheddar-Sour-Cream-4.25oz-Front-Render-scaled.jpg\" alt=\"\" class=\"d-block mx-auto mb-4\" width=\"93\"\r\n                                height=\"160\">\r\n\r\n                            <strong class=\"cs-body\">\r\n                                Ma famille adore ces pailles &laquo; Garden Veggie &raquo;, alors j&rsquo;en ai ajout\u00e9 un sac lors d&rsquo;une commande impulsive. Je n&rsquo;avais pas remarqu\u00e9 que le sac \u00e9tait si grand ! Nous aimons tous encore ces collations ! &raquo;                            <\/strong>\r\n\r\n                            <p class=\"cs-p text-uppercase text-center mt-3\">\r\n                                Eddy Steven                            <\/p>\r\n                        <\/div>\r\n                    <\/li>\r\n\r\n                    \r\n                    <li class=\"glide__slide text-white\" style=\"background-color: #0076e0 ;\" >\r\n                        <div class=\"glide__wrapper\">\r\n                            <img loading=\"lazy\" decoding=\"async\" src=\"https:\/\/www.gardenveggiesnacks.com\/wp-content\/uploads\/2022\/05\/3-1.png\" alt=\"\" class=\"d-block mx-auto mb-4\" width=\"93\"\r\n                                height=\"160\">\r\n\r\n                            <strong class=\"cs-body\">\r\n                                Ma famille adore ces pailles &laquo; Garden Veggie &raquo;, alors j&rsquo;en ai ajout\u00e9 un sac lors d&rsquo;une commande impulsive. Je n&rsquo;avais pas remarqu\u00e9 que le sac \u00e9tait si grand ! Nous aimons tous encore ces collations ! &raquo;                            <\/strong>\r\n\r\n                            <p class=\"cs-p text-uppercase text-center mt-3\">\r\n                                Alfred Wilson                            <\/p>\r\n                        <\/div>\r\n                    <\/li>\r\n\r\n                    \r\n                    <li class=\"glide__slide text-white\" style=\"background-color: #0076e0 ;\" >\r\n                        <div class=\"glide__wrapper\">\r\n                            <img loading=\"lazy\" decoding=\"async\" src=\"https:\/\/www.gardenveggiesnacks.com\/wp-content\/uploads\/2022\/05\/3-190x300-1.png\" alt=\"\" class=\"d-block mx-auto mb-4\" width=\"93\"\r\n                                height=\"160\">\r\n\r\n                            <strong class=\"cs-body\">\r\n                                Ma famille adore ces pailles &laquo; Garden Veggie &raquo;, alors j&rsquo;en ai ajout\u00e9 un sac lors d&rsquo;une commande impulsive. Je n&rsquo;avais pas remarqu\u00e9 que le sac \u00e9tait si grand ! Nous aimons tous encore ces collations ! &raquo;                            <\/strong>\r\n\r\n                            <p class=\"cs-p text-uppercase text-center mt-3\">\r\n                                Wilson Alfred                            <\/p>\r\n                        <\/div>\r\n                    <\/li>\r\n\r\n                                    <\/ul>\r\n            <\/div>\r\n\r\n            <div class=\"glide__arrows\" data-glide-el=\"controls\">\r\n                <button class=\"glide__arrow glide__arrow--left\" data-glide-dir=\"<\">\r\n                    <span class=\"arrow left\">\r\n                        <svg width=\"21\" height=\"18\" viewBox=\"0 0 21 18\" fill=\"none\" xmlns=\"http:\/\/www.w3.org\/2000\/svg\">\r\n                            <path fill-rule=\"evenodd\" clip-rule=\"evenodd\"\r\n                                d=\"M0 8.99951C0 8.51626 0.391751 8.12451 0.875 8.12451H20.125C20.6082 8.12451 21 8.51626 21 8.99951C21 9.48276 20.6082 9.87451 20.125 9.87451H0.875C0.391751 9.87451 0 9.48276 0 8.99951Z\"\r\n                                fill=\"#0D1708\" \/>\r\n                            <path fill-rule=\"evenodd\" clip-rule=\"evenodd\"\r\n                                d=\"M9.36872 0.505793C9.71043 0.847502 9.71043 1.40152 9.36872 1.74323L2.11244 8.99951L9.36872 16.2558C9.71043 16.5975 9.71043 17.1515 9.36872 17.4932C9.02701 17.8349 8.47299 17.8349 8.13128 17.4932L0.256282 9.61823C-0.0854272 9.27652 -0.0854272 8.7225 0.256282 8.38079L8.13128 0.505793C8.47299 0.164085 9.02701 0.164085 9.36872 0.505793Z\"\r\n                                fill=\"#0D1708\" \/>\r\n                        <\/svg>\r\n                    <\/span>\r\n                <\/button>\r\n                <button class=\"glide__arrow glide__arrow--right\" data-glide-dir=\">&laquo; >\r\n                    <span class=\"arrow right\">\r\n                        <svg width=\"21\" height=\"18\" viewBox=\"0 0 21 18\" fill=\"none\" xmlns=\"http:\/\/www.w3.org\/2000\/svg\">\r\n                            <path fill-rule=\"evenodd\" clip-rule=\"evenodd\"\r\n                                d=\"M0 8.99951C0 8.51626 0.391751 8.12451 0.875 8.12451H20.125C20.6082 8.12451 21 8.51626 21 8.99951C21 9.48276 20.6082 9.87451 20.125 9.87451H0.875C0.391751 9.87451 0 9.48276 0 8.99951Z\"\r\n                                fill=\"#0D1708\" \/>\r\n                            <path fill-rule=\"evenodd\" clip-rule=\"evenodd\"\r\n                                d=\"M11.6313 0.505793C11.973 0.164085 12.527 0.164085 12.8687 0.505793L20.7437 8.38079C21.0854 8.7225 21.0854 9.27652 20.7437 9.61823L12.8687 17.4932C12.527 17.8349 11.973 17.8349 11.6313 17.4932C11.2896 17.1515 11.2896 16.5975 11.6313 16.2558L18.8876 8.99951L11.6313 1.74323C11.2896 1.40152 11.2896 0.847502 11.6313 0.505793Z\"\r\n                                fill=\"#0D1708\" \/>\r\n                        <\/svg>\r\n                    <\/span>\r\n                <\/button>\r\n            <\/div>\r\n        <\/div>\r\n\r\n                    <img decoding=\"async\" class=\"wave bottom\" src=\"https:\/\/www.gardenveggiesnacks.com\/wp-content\/uploads\/2022\/05\/Vector-4-1.svg\" \/>\r\n        \r\n    <\/section>\r\n\r\n","protected":false},"excerpt":{"rendered":"<p>Il s&rsquo;agit d&rsquo;une page d&rsquo;exemple. C&rsquo;est diff\u00e9rent d&rsquo;un article de blog, car il reste au m\u00eame endroit et appara\u00eet dans la navigation de votre site (dans la plupart des th\u00e8mes). La plupart des gens commencent par une page \u00c0 propos qui les pr\u00e9sente aux visiteurs potentiels du site. Cela pourrait dire quelque chose comme \u00e7a [&hellip;]<\/p>\n","protected":false},"author":1,"featured_media":0,"parent":0,"menu_order":0,"comment_status":"closed","ping_status":"closed","template":"","meta":{"_acf_changed":false,"footnotes":""},"class_list":["post-1156","page","type-page","status-publish","hentry"],"acf":[],"_links":{"self":[{"href":"https:\/\/www.gardenveggiesnacks.com\/fr\/wp-json\/wp\/v2\/pages\/1156","targetHints":{"allow":["GET"]}}],"collection":[{"href":"https:\/\/www.gardenveggiesnacks.com\/fr\/wp-json\/wp\/v2\/pages"}],"about":[{"href":"https:\/\/www.gardenveggiesnacks.com\/fr\/wp-json\/wp\/v2\/types\/page"}],"author":[{"embeddable":true,"href":"https:\/\/www.gardenveggiesnacks.com\/fr\/wp-json\/wp\/v2\/users\/1"}],"replies":[{"embeddable":true,"href":"https:\/\/www.gardenveggiesnacks.com\/fr\/wp-json\/wp\/v2\/comments?post=1156"}],"version-history":[{"count":0,"href":"https:\/\/www.gardenveggiesnacks.com\/fr\/wp-json\/wp\/v2\/pages\/1156\/revisions"}],"wp:attachment":[{"href":"https:\/\/www.gardenveggiesnacks.com\/fr\/wp-json\/wp\/v2\/media?parent=1156"}],"curies":[{"name":"wp","href":"https:\/\/api.w.org\/{rel}","templated":true}]}}